{"id":2,"date":"2021-08-16T20:54:22","date_gmt":"2021-08-16T20:54:22","guid":{"rendered":"https:\/\/sendeja.com\/?page_id=2"},"modified":"2021-12-16T17:30:46","modified_gmt":"2021-12-16T17:30:46","slug":"sample-page","status":"publish","type":"page","link":"https:\/\/sendeja.com\/?page_id=2","title":{"rendered":"Quienes somos ?"},"content":{"rendered":"\n<p>La Sociedad Deportiva Sendeja se constituy\u00f3 en el a\u00f1o 1914, con actividades de monta\u00f1ismo, atletismo, sociales y f\u00fatbol. <\/p>\n\n\n\n<p>El fundador fue Jose Ezquerra republicano convencido, aglutin\u00f3 el barrio y la ideolog\u00eda republicana en la sede social que era el bar con su nombre que regentaba en la Calle Sendeja 8 de Bilbao.<\/p>\n\n\n\n<p><br>La Sociedad Deportiva Sendeja realizaba sociedad en el barrio, con la idea republicana de igualdad, libertad y fraternidad.<br><\/p>\n\n\n\n<p>Aparte de las actividades sociales con Sede principal en el Bar Jose Ezquerra, particip\u00f3 en tres federaciones: La federaci\u00f3n vizca\u00edna de f\u00fatbol (1925-1930), la de monta\u00f1ismo en el mismo periodo y de atletismo.<br><\/p>\n\n\n\n<p> En el a\u00f1o 1925 empez\u00f3 a competir federado f\u00fatbol 11 en la FVF<br><\/p>\n\n\n\n<p> El club acab\u00f3 con la II rep\u00fablica y la guerra consiguiente. La sociedad deportiva desapareci\u00f3 y se perdi\u00f3 en la memoria, a pesar de haber tenido una enorme participaci\u00f3n de barrio, como se puede ver el las fotos. La bandera, las ense\u00f1as, las fotos\u2026 quedaron en los armarios de nuestra familia hasta la actualidad.<\/p>\n\n\n\n<p>Actualmente la sede del Club est\u00e1 en Vitoria &#8211; \u00c1lava.<br><\/p>\n\n\n\n<p>El pasacalles Sendeja, que era el himno de nuestro Club que, al desaparecer, lo us\u00f3 como himno el F.C. Barakaldo, es uno de los pocos rastros que quedan. Ahora pretendemos reinvindicarlo.<\/p>\n\n\n\n<figure class=\"wp-block-audio\"><audio controls src=\"https:\/\/sendeja.com\/wp-content\/uploads\/2021\/08\/Sendeja-Club_160k.mp3\"><\/audio><figcaption>Clud Sendeja, compuesto por Dionisio Borea para el Club Deportivo Sendeja<\/figcaption><\/figure>\n\n\n","protected":false},"excerpt":{"rendered":"<p>La Sociedad Deportiva Sendeja se constituy\u00f3 en el a\u00f1o 1914, con actividades de monta\u00f1ismo, atletismo, sociales y f\u00fatbol. El fundador fue Jose Ezquerra republicano convencido, aglutin\u00f3 el barrio y la ideolog\u00eda republicana en la sede social que era el bar con su nombre que regentaba en la Calle Sendeja 8 de Bilbao. La Sociedad Deportiva [&hellip;]<\/p>\n","protected":false},"author":1,"featured_media":0,"parent":0,"menu_order":0,"comment_status":"closed","ping_status":"closed","template":"","meta":{"ngg_post_thumbnail":0,"footnotes":""},"class_list":["post-2","page","type-page","status-publish","hentry"],"jetpack-related-posts":[],"jetpack_sharing_enabled":true,"_links":{"self":[{"href":"https:\/\/sendeja.com\/index.php?rest_route=\/wp\/v2\/pages\/2","targetHints":{"allow":["GET"]}}],"collection":[{"href":"https:\/\/sendeja.com\/index.php?rest_route=\/wp\/v2\/pages"}],"about":[{"href":"https:\/\/sendeja.com\/index.php?rest_route=\/wp\/v2\/types\/page"}],"author":[{"embeddable":true,"href":"https:\/\/sendeja.com\/index.php?rest_route=\/wp\/v2\/users\/1"}],"replies":[{"embeddable":true,"href":"https:\/\/sendeja.com\/index.php?rest_route=%2Fwp%2Fv2%2Fcomments&post=2"}],"version-history":[{"count":7,"href":"https:\/\/sendeja.com\/index.php?rest_route=\/wp\/v2\/pages\/2\/revisions"}],"predecessor-version":[{"id":344,"href":"https:\/\/sendeja.com\/index.php?rest_route=\/wp\/v2\/pages\/2\/revisions\/344"}],"wp:attachment":[{"href":"https:\/\/sendeja.com\/index.php?rest_route=%2Fwp%2Fv2%2Fmedia&parent=2"}],"curies":[{"name":"wp","href":"https:\/\/api.w.org\/{rel}","templated":true}]}}